{"id":5538,"date":"2025-05-23T14:47:09","date_gmt":"2025-05-23T12:47:09","guid":{"rendered":"https:\/\/jntgroup.com\/?page_id=5538"},"modified":"2025-07-11T12:57:43","modified_gmt":"2025-07-11T10:57:43","slug":"jablko-z-mieta","status":"publish","type":"page","link":"https:\/\/jntgroup.com\/en\/oferta\/cydry-i-perry\/dobronski-2\/jablko-z-mieta\/","title":{"rendered":"Jab\u0142ko z mi\u0119t\u0105"},"content":{"rendered":"","protected":false},"excerpt":{"rendered":"","protected":false},"author":3,"featured_media":993,"parent":1723,"menu_order":0,"comment_status":"closed","ping_status":"closed","template":"nasza-oferta-marka-produkt.php","meta":{"inline_featured_image":false,"footnotes":""},"class_list":["post-5538","page","type-page","status-publish","has-post-thumbnail","hentry"],"acf":[],"_links":{"self":[{"href":"https:\/\/jntgroup.com\/en\/wp-json\/wp\/v2\/pages\/5538","targetHints":{"allow":["GET"]}}],"collection":[{"href":"https:\/\/jntgroup.com\/en\/wp-json\/wp\/v2\/pages"}],"about":[{"href":"https:\/\/jntgroup.com\/en\/wp-json\/wp\/v2\/types\/page"}],"author":[{"embeddable":true,"href":"https:\/\/jntgroup.com\/en\/wp-json\/wp\/v2\/users\/3"}],"replies":[{"embeddable":true,"href":"https:\/\/jntgroup.com\/en\/wp-json\/wp\/v2\/comments?post=5538"}],"version-history":[{"count":7,"href":"https:\/\/jntgroup.com\/en\/wp-json\/wp\/v2\/pages\/5538\/revisions"}],"predecessor-version":[{"id":6775,"href":"https:\/\/jntgroup.com\/en\/wp-json\/wp\/v2\/pages\/5538\/revisions\/6775"}],"up":[{"embeddable":true,"href":"https:\/\/jntgroup.com\/en\/wp-json\/wp\/v2\/pages\/1723"}],"wp:featuredmedia":[{"embeddable":true,"href":"https:\/\/jntgroup.com\/en\/wp-json\/wp\/v2\/media\/993"}],"wp:attachment":[{"href":"https:\/\/jntgroup.com\/en\/wp-json\/wp\/v2\/media?parent=5538"}],"curies":[{"name":"wp","href":"https:\/\/api.w.org\/{rel}","templated":true}]}}